{"id":53,"date":"2020-02-21T16:10:15","date_gmt":"2020-02-21T16:10:15","guid":{"rendered":"http:\/\/vpct.utad.pt\/?page_id=53"},"modified":"2022-06-21T09:48:09","modified_gmt":"2022-06-21T09:48:09","slug":"special-tracks","status":"publish","type":"page","link":"https:\/\/vpct.utad.pt\/?page_id=53","title":{"rendered":"Special Tracks"},"content":{"rendered":"\n<p class=\"has-luminous-vivid-amber-background-color has-background\"><strong>VPCT 2022 <strong>Chamada para propostas de SPECIAL TRACK<\/strong><\/strong><\/p>\n\n\n\n<p class=\"has-vivid-purple-color has-text-color has-medium-font-size\"><strong>VPCT 2022 <strong>Chamada para propostas de SPECIAL TRACK<\/strong><\/strong><\/p>\n\n\n\n<ul class=\"wp-block-list\"><li>Convidamos-vos a submeter uma proposta para organiza\u00e7\u00e3o de uma <strong>SPECIAL TRACK<\/strong> para o VPCT 2022.<\/li><li>Os temas da <strong>SPECIAL TRACK<\/strong> devem apresentar trabalhos originais e atuais. Todos os trabalhos aceites ser\u00e3o inclu\u00eddos nas atas da confer\u00eancia e os que se destacarem poder\u00e3o ser convidados para uma publica\u00e7\u00e3o especial em revista.<\/li><li>O(s) organizador(es) de cada Special Track (ST) s\u00e3o respons\u00e1veis \u200b\u200bpela qualidade dos artigos da sua <strong>SPECIAL TRACK<\/strong>. Uma <strong>SPECIAL TRACK <\/strong>consistir\u00e1 em, pelo menos, 4-5 trabalhos aceites para uma sess\u00e3o.<\/li><li>Os artigos s\u00e3o submetidos atrav\u00e9s do Easychair do VPCT 2022 e s\u00e3o avaliados por dois revisores, um do VPCT2022 e outro proposto pelos organizadores da <strong>SPECIAL TRACK <\/strong>.<\/li><li>Se estiver interessado em organizar uma <strong>SPECIAL TRACK<\/strong>, envie a sua proposta para o email <strong><mark style=\"background-color:rgba(0, 0, 0, 0)\" class=\"has-inline-color has-luminous-vivid-orange-color\">vpct@utad.pt<\/mark><\/strong> a<strong>t\u00e9 <strong>17 <\/strong>julho 2022<\/strong>  <strong>[\u00faltima chamada]<\/strong>.<\/li><li>Cada proposta deve incluir os elementos do <a href=\"https:\/\/vpct.utad.pt\/wp-content\/uploads\/2022\/02\/VPCT2022-modelo-proposta_ESPECIAL-a.pdf\">VPCT2022-modelo-proposta_<strong>SPECIAL TRACK<\/strong><\/a><\/li><\/ul>\n\n\n\n<p><\/p>\n","protected":false},"excerpt":{"rendered":"<p>VPCT 2022 Chamada para propostas de SPECIAL TRACK VPCT 2022 Chamada para propostas de SPECIAL TRACK Convidamos-vos a submeter uma proposta para organiza\u00e7\u00e3o de uma SPECIAL TRACK para o VPCT 2022. Os temas da SPECIAL TRACK devem apresentar trabalhos originais e atuais. Todos os trabalhos aceites ser\u00e3o inclu\u00eddos nas atas da confer\u00eancia e os que &#8230; <span class=\"more\"><a class=\"more-link\" href=\"https:\/\/vpct.utad.pt\/?page_id=53\">[Read more&#8230;]<\/a><\/span><\/p>\n","protected":false},"author":1,"featured_media":0,"parent":0,"menu_order":0,"comment_status":"closed","ping_status":"closed","template":"","meta":{"footnotes":""},"class_list":["entry","page","publish","author-admin","post-53"],"_links":{"self":[{"href":"https:\/\/vpct.utad.pt\/index.php?rest_route=\/wp\/v2\/pages\/53","targetHints":{"allow":["GET"]}}],"collection":[{"href":"https:\/\/vpct.utad.pt\/index.php?rest_route=\/wp\/v2\/pages"}],"about":[{"href":"https:\/\/vpct.utad.pt\/index.php?rest_route=\/wp\/v2\/types\/page"}],"author":[{"embeddable":true,"href":"https:\/\/vpct.utad.pt\/index.php?rest_route=\/wp\/v2\/users\/1"}],"replies":[{"embeddable":true,"href":"https:\/\/vpct.utad.pt\/index.php?rest_route=%2Fwp%2Fv2%2Fcomments&post=53"}],"version-history":[{"count":30,"href":"https:\/\/vpct.utad.pt\/index.php?rest_route=\/wp\/v2\/pages\/53\/revisions"}],"predecessor-version":[{"id":639,"href":"https:\/\/vpct.utad.pt\/index.php?rest_route=\/wp\/v2\/pages\/53\/revisions\/639"}],"wp:attachment":[{"href":"https:\/\/vpct.utad.pt\/index.php?rest_route=%2Fwp%2Fv2%2Fmedia&parent=53"}],"curies":[{"name":"wp","href":"https:\/\/api.w.org\/{rel}","templated":true}]}}