{"id":84,"date":"2020-02-21T16:17:44","date_gmt":"2020-02-21T16:17:44","guid":{"rendered":"http:\/\/vpct.utad.pt\/?page_id=84"},"modified":"2020-11-12T18:50:59","modified_gmt":"2020-11-12T18:50:59","slug":"organizadora","status":"publish","type":"page","link":"https:\/\/vpct.utad.pt\/?page_id=84","title":{"rendered":"Comiss\u00e3o Organizadora"},"content":{"rendered":"\n<p><strong>Ana\nPaula Aires<\/strong>, Universidade\nde Tr\u00e1s-os-Montes e Alto Douro<\/p>\n\n\n\n<p><strong>Armando\nSoares<\/strong>, Universidade\nde Tr\u00e1s-os-Montes e Alto Douro<\/p>\n\n\n\n<p><strong>Carla\nA. Santos<\/strong>, Estudante de Doutoramento<\/p>\n\n\n\n<p><strong>C\u00e1rmen\nCarvalho<\/strong>, Escola\nSecund\u00e1ria S. Pedro<\/p>\n\n\n\n<p><strong>Cec\u00edlia\nCosta<\/strong>, Universidade\nde Tr\u00e1s-os-Montes e Alto Douro<\/p>\n\n\n\n<p><strong>Daniela Pedrosa<\/strong>, Universidade de Aveiro<\/p>\n\n\n\n<p><strong>Helena Campos<\/strong>,  Universidade de Tr\u00e1s-os-Montes e Alto Douro<\/p>\n\n\n\n<p><strong>Marco Naia<\/strong>,  Universidade de Tr\u00e1s-os-Montes e Alto Douro  <\/p>\n\n\n\n<p><strong>Maria\nManuel Nascimento<\/strong>, Universidade\nde Tr\u00e1s-os-Montes e Alto Douro<\/p>\n\n\n\n<p><strong>Paula\nCatarino<\/strong>, Universidade\nde Tr\u00e1s-os-Montes e Alto Douro<\/p>\n","protected":false},"excerpt":{"rendered":"<p>Ana Paula Aires, Universidade de Tr\u00e1s-os-Montes e Alto Douro Armando Soares, Universidade de Tr\u00e1s-os-Montes e Alto Douro Carla A. Santos, Estudante de Doutoramento C\u00e1rmen Carvalho, Escola Secund\u00e1ria S. Pedro Cec\u00edlia Costa, Universidade de Tr\u00e1s-os-Montes e Alto Douro Daniela Pedrosa, Universidade de Aveiro Helena Campos, Universidade de Tr\u00e1s-os-Montes e Alto Douro Marco Naia, Universidade de Tr\u00e1s-os-Montes &#8230; <span class=\"more\"><a class=\"more-link\" href=\"https:\/\/vpct.utad.pt\/?page_id=84\">[Read more&#8230;]<\/a><\/span><\/p>\n","protected":false},"author":1,"featured_media":0,"parent":0,"menu_order":0,"comment_status":"closed","ping_status":"closed","template":"","meta":{"footnotes":""},"class_list":["entry","page","publish","author-admin","post-84"],"_links":{"self":[{"href":"https:\/\/vpct.utad.pt\/index.php?rest_route=\/wp\/v2\/pages\/84","targetHints":{"allow":["GET"]}}],"collection":[{"href":"https:\/\/vpct.utad.pt\/index.php?rest_route=\/wp\/v2\/pages"}],"about":[{"href":"https:\/\/vpct.utad.pt\/index.php?rest_route=\/wp\/v2\/types\/page"}],"author":[{"embeddable":true,"href":"https:\/\/vpct.utad.pt\/index.php?rest_route=\/wp\/v2\/users\/1"}],"replies":[{"embeddable":true,"href":"https:\/\/vpct.utad.pt\/index.php?rest_route=%2Fwp%2Fv2%2Fcomments&post=84"}],"version-history":[{"count":4,"href":"https:\/\/vpct.utad.pt\/index.php?rest_route=\/wp\/v2\/pages\/84\/revisions"}],"predecessor-version":[{"id":501,"href":"https:\/\/vpct.utad.pt\/index.php?rest_route=\/wp\/v2\/pages\/84\/revisions\/501"}],"wp:attachment":[{"href":"https:\/\/vpct.utad.pt\/index.php?rest_route=%2Fwp%2Fv2%2Fmedia&parent=84"}],"curies":[{"name":"wp","href":"https:\/\/api.w.org\/{rel}","templated":true}]}}