{"id":86,"date":"2020-02-21T16:18:03","date_gmt":"2020-02-21T16:18:03","guid":{"rendered":"http:\/\/vpct.utad.pt\/?page_id=86"},"modified":"2022-10-14T10:57:44","modified_gmt":"2022-10-14T10:57:44","slug":"ficha-de-inscricao","status":"publish","type":"page","link":"https:\/\/vpct.utad.pt\/?page_id=86","title":{"rendered":"Ficha de inscri\u00e7\u00e3o"},"content":{"rendered":"\n<p><strong>INSCRI\u00c7\u00d5ES E TAXAS DE INSCRI\u00c7\u00c3O<\/strong><\/p>\n\n\n\n<p>As inscri\u00e7\u00f5es s\u00e3o feitas online atrav\u00e9s deste site.<\/p>\n\n\n\n<p class=\"has-medium-font-size\">Os recibos ser\u00e3o passados logo ap\u00f3s o encerramento do VPCT2020 com os dados fornecidos na ficha de inscri\u00e7\u00e3o.  \u00c9 importante que se indique na ficha de inscri\u00e7\u00e3o NIF (no caso do Brasil: CPF ou CNPJ)<\/p>\n\n\n\n<p>Taxa de inscri\u00e7\u00e3o normal (at\u00e9 29 de outubro de 2022): 80 euros <strong>(*)<\/strong><\/p>\n\n\n\n<p>Taxa de inscri\u00e7\u00e3o como estudante de p\u00f3s-gradua\u00e7\u00e3o  ou como docente do ensino n\u00e3o superior ou pessoas oriundas de pa\u00edses em desenvolvimento (at\u00e9 29 de outubro de 2022): 40 euros <strong>(*)(**)<\/strong><\/p>\n\n\n\n<p><strong>(*) <\/strong>Os s\u00f3cios da ABRAPEC &#8211; Associa\u00e7\u00e3o Brasileira de Pesquisa em Educa\u00e7\u00e3o em Ci\u00eancias, e da APEduC &#8211; Associa\u00e7\u00e3o Portuguesa de Educa\u00e7\u00e3o em Ci\u00eancias<strong> t\u00eam um desconto de 20% na taxa de inscri\u00e7\u00e3o, mediante apresenta\u00e7\u00e3o de comprovativo <strong>(exceto se a taxa de inscri\u00e7\u00e3o for de 40 euros)<\/strong>.<\/strong><\/p>\n\n\n\n<p><strong>(**)<\/strong> Carece de comprovativo da situa\u00e7\u00e3o estudantil ou profissional<\/p>\n\n\n\n<h2 class=\"wp-block-heading\"><a href=\"https:\/\/vpct.utad.pt\/?page_id=249\">Inscri\u00e7\u00e3o e pagamento aqui<\/a><\/h2>\n\n\n\n<p><\/p>\n","protected":false},"excerpt":{"rendered":"<p>INSCRI\u00c7\u00d5ES E TAXAS DE INSCRI\u00c7\u00c3O As inscri\u00e7\u00f5es s\u00e3o feitas online atrav\u00e9s deste site. Os recibos ser\u00e3o passados logo ap\u00f3s o encerramento do VPCT2020 com os dados fornecidos na ficha de inscri\u00e7\u00e3o. \u00c9 importante que se indique na ficha de inscri\u00e7\u00e3o NIF (no caso do Brasil: CPF ou CNPJ) Taxa de inscri\u00e7\u00e3o normal (at\u00e9 29 de &#8230; <span class=\"more\"><a class=\"more-link\" href=\"https:\/\/vpct.utad.pt\/?page_id=86\">[Read more&#8230;]<\/a><\/span><\/p>\n","protected":false},"author":1,"featured_media":0,"parent":0,"menu_order":0,"comment_status":"closed","ping_status":"closed","template":"","meta":{"footnotes":""},"class_list":["entry","page","publish","author-admin","post-86"],"_links":{"self":[{"href":"https:\/\/vpct.utad.pt\/index.php?rest_route=\/wp\/v2\/pages\/86","targetHints":{"allow":["GET"]}}],"collection":[{"href":"https:\/\/vpct.utad.pt\/index.php?rest_route=\/wp\/v2\/pages"}],"about":[{"href":"https:\/\/vpct.utad.pt\/index.php?rest_route=\/wp\/v2\/types\/page"}],"author":[{"embeddable":true,"href":"https:\/\/vpct.utad.pt\/index.php?rest_route=\/wp\/v2\/users\/1"}],"replies":[{"embeddable":true,"href":"https:\/\/vpct.utad.pt\/index.php?rest_route=%2Fwp%2Fv2%2Fcomments&post=86"}],"version-history":[{"count":16,"href":"https:\/\/vpct.utad.pt\/index.php?rest_route=\/wp\/v2\/pages\/86\/revisions"}],"predecessor-version":[{"id":768,"href":"https:\/\/vpct.utad.pt\/index.php?rest_route=\/wp\/v2\/pages\/86\/revisions\/768"}],"wp:attachment":[{"href":"https:\/\/vpct.utad.pt\/index.php?rest_route=%2Fwp%2Fv2%2Fmedia&parent=86"}],"curies":[{"name":"wp","href":"https:\/\/api.w.org\/{rel}","templated":true}]}}