{"id":92,"date":"2020-02-21T16:19:00","date_gmt":"2020-02-21T16:19:00","guid":{"rendered":"http:\/\/vpct.utad.pt\/?page_id=92"},"modified":"2022-09-05T15:48:44","modified_gmt":"2022-09-05T15:48:44","slug":"tipo-de-contribuicoes","status":"publish","type":"page","link":"https:\/\/vpct.utad.pt\/?page_id=92","title":{"rendered":"Tipo de contribui\u00e7\u00f5es"},"content":{"rendered":"\n<p class=\"has-luminous-vivid-amber-background-color has-background\"><strong>A submiss\u00e3o de artigos completos:\u00a011 de setembro de 2022<\/strong> <strong><em>[\u00faltima chamada]<\/em><\/strong> <strong>atrav\u00e9s do <a href=\"https:\/\/easychair.org\/conferences\/?conf=vpct2022\">EasyChair VPCT2022<\/a><\/strong><\/p>\n\n\n\n<p>Ser\u00e3o\nbem vindos contributos para a qualidade do Ensino de Ci\u00eancias\nMatem\u00e1ticas, Ci\u00eancias da Natureza, Ci\u00eancias Biol\u00f3gicas, Ci\u00eancias ambientais,\nCi\u00eancias F\u00edsicas e Qu\u00edmicas, Engenharia, Inform\u00e1tica e Tecnologia \u2013\nDo Pr\u00e9-Escolar ao Superior.<\/p>\n\n\n\n<p><strong>Foco dos contributos:<\/strong><br>\n\u2022 Pr\u00e1ticas profissionais (projetos, inova\u00e7\u00f5es, relatos de pr\u00e1ticas de sala de\naula, introdu\u00e7\u00e3o de novas tem\u00e1ticas);<br>\n\u2022 Investiga\u00e7\u00e3o com relev\u00e2ncia para as pr\u00e1ticas profissionais (de \u00edndole te\u00f3rica\nou emp\u00edrica).<\/p>\n\n\n\n<p><strong>Tipos de contribui\u00e7\u00f5es <\/strong>(<a href=\"https:\/\/vpct.utad.pt\/?page_id=94\">ver modelos e normas aqui<\/a>):<br> \u2022 Comunica\u00e7\u00f5es Orais (texto com 4 a 10 p\u00e1ginas);<br> \u2022 Comunica\u00e7\u00f5es Posters (texto com 3 a 5 p\u00e1ginas);<br> \u2022 Oficinas (texto com 2 a 3 p\u00e1ginas).<\/p>\n\n\n\n<p><strong>Procedimentos e reconhecimento da qualidade<\/strong><br> \u2022 As\u00a0<strong>submiss\u00f5es<\/strong>\u00a0(vers\u00e3o completa) devem ser feitas at\u00e9\u00a0<strong><strong>11 de setembro de 2022<\/strong><\/strong> <em><strong>[\u00faltima chamada]<\/strong><\/em>\u00a0no <a href=\"https:\/\/easychair.org\/conferences\/?conf=vpct2022\">EasyChair (VPCT2022)<\/a><br> \u2022 Todas as propostas ser\u00e3o avaliadas por um painel de peritos externos num processo de dupla blindagem.<br> \u2022 As melhores comunica\u00e7\u00f5es ter\u00e3o a possibilidade de ser publicadas em revistas internacionais.<br> \u2022 Ser\u00e1 atribuido pr\u00e9mio simb\u00f3lico \u00e0 melhor comunica\u00e7\u00e3o e ao melhor p\u00f3ster.<\/p>\n\n\n\n<p>\u2022\nPor cada comunica\u00e7\u00e3o ou p\u00f3ster aceite \u00e9 necess\u00e1rio pagar uma inscri\u00e7\u00e3o.<\/p>\n\n\n\n<p><strong>As submiss\u00f5es (vers\u00e3o completa) devem ser feitas at\u00e9 <strong>11 de setembro de 2022<\/strong> <em><strong>[\u00faltima chamada<\/strong><\/em><\/strong>]<strong> no <a href=\"https:\/\/easychair.org\/conferences\/?conf=vpct2022\">EasyChair (VPCT2022)<\/a><\/strong>.<\/p>\n\n\n\n<p><\/p>\n\n\n\n<p><strong>NOTA IMPORTANTE:<\/strong>  N\u00e3o h\u00e1 limite de n\u00famero de artigos por autor nem de n\u00famero de co-autores por artigo.  <strong>No entanto, por cada artigo aceite tem de haver uma inscri\u00e7\u00e3o v\u00e1lida (com pagamento verificado).<\/strong><\/p>\n","protected":false},"excerpt":{"rendered":"<p>A submiss\u00e3o de artigos completos:\u00a011 de setembro de 2022 [\u00faltima chamada] atrav\u00e9s do EasyChair VPCT2022 Ser\u00e3o bem vindos contributos para a qualidade do Ensino de Ci\u00eancias Matem\u00e1ticas, Ci\u00eancias da Natureza, Ci\u00eancias Biol\u00f3gicas, Ci\u00eancias ambientais, Ci\u00eancias F\u00edsicas e Qu\u00edmicas, Engenharia, Inform\u00e1tica e Tecnologia \u2013 Do Pr\u00e9-Escolar ao Superior. Foco dos contributos: \u2022 Pr\u00e1ticas profissionais (projetos, inova\u00e7\u00f5es, &#8230; <span class=\"more\"><a class=\"more-link\" href=\"https:\/\/vpct.utad.pt\/?page_id=92\">[Read more&#8230;]<\/a><\/span><\/p>\n","protected":false},"author":1,"featured_media":0,"parent":0,"menu_order":0,"comment_status":"closed","ping_status":"closed","template":"","meta":{"footnotes":""},"class_list":["entry","page","publish","author-admin","post-92"],"_links":{"self":[{"href":"https:\/\/vpct.utad.pt\/index.php?rest_route=\/wp\/v2\/pages\/92","targetHints":{"allow":["GET"]}}],"collection":[{"href":"https:\/\/vpct.utad.pt\/index.php?rest_route=\/wp\/v2\/pages"}],"about":[{"href":"https:\/\/vpct.utad.pt\/index.php?rest_route=\/wp\/v2\/types\/page"}],"author":[{"embeddable":true,"href":"https:\/\/vpct.utad.pt\/index.php?rest_route=\/wp\/v2\/users\/1"}],"replies":[{"embeddable":true,"href":"https:\/\/vpct.utad.pt\/index.php?rest_route=%2Fwp%2Fv2%2Fcomments&post=92"}],"version-history":[{"count":22,"href":"https:\/\/vpct.utad.pt\/index.php?rest_route=\/wp\/v2\/pages\/92\/revisions"}],"predecessor-version":[{"id":697,"href":"https:\/\/vpct.utad.pt\/index.php?rest_route=\/wp\/v2\/pages\/92\/revisions\/697"}],"wp:attachment":[{"href":"https:\/\/vpct.utad.pt\/index.php?rest_route=%2Fwp%2Fv2%2Fmedia&parent=92"}],"curies":[{"name":"wp","href":"https:\/\/api.w.org\/{rel}","templated":true}]}}